{"id":65,"date":"2025-01-13T20:25:09","date_gmt":"2025-01-13T20:25:09","guid":{"rendered":"http:\/\/dokumaanahtarlik.net\/?post_type=product&#038;p=65"},"modified":"2025-11-27T13:24:28","modified_gmt":"2025-11-27T13:24:28","slug":"dokuma-anahtarlik-01","status":"publish","type":"product","link":"https:\/\/dokumaanahtarlik.net\/?product=dokuma-anahtarlik-01","title":{"rendered":"DOKUMA ANAHTARLIK 01"},"content":{"rendered":"<p>Tan\u0131t\u0131m ama\u00e7l\u0131 dokuma anahtarl\u0131klar.<\/p>\n<p>\u00dcr\u00fcnler ki\u015fiye veya firmaya \u00f6zel olarak \u00fcretilen \u00fcr\u00fcnlerdir.<\/p>\n<p>Min. 500 adet sipari\u015f kabul edilir.<\/p>\n","protected":false},"excerpt":{"rendered":"<p>Tan\u0131t\u0131m ama\u00e7l\u0131 dokuma anahtarl\u0131klar. \u00dcr\u00fcnler ki\u015fiye veya firmaya \u00f6zel olarak \u00fcretilen \u00fcr\u00fcnlerdir. Min. 500 adet sipari\u015f kabul edilir.<\/p>\n","protected":false},"featured_media":67,"comment_status":"open","ping_status":"closed","template":"","meta":[],"product_cat":[15],"product_tag":[22,21,17,19,20,18],"class_list":{"0":"post-65","1":"product","2":"type-product","3":"status-publish","4":"has-post-thumbnail","6":"product_cat-genel","7":"product_tag-bezden-anahtarlik","8":"product_tag-bezli-anahtarlik","9":"product_tag-dokuma-anahtarlik","10":"product_tag-kisiye-ozel-anahtarliklar","11":"product_tag-kumas-anahtarlik","12":"product_tag-promosyon-anahtarlik","14":"first","15":"instock","16":"sale","17":"shipping-taxable","18":"purchasable","19":"product-type-simple"},"_links":{"self":[{"href":"https:\/\/dokumaanahtarlik.net\/index.php?rest_route=\/wp\/v2\/product\/65","targetHints":{"allow":["GET"]}}],"collection":[{"href":"https:\/\/dokumaanahtarlik.net\/index.php?rest_route=\/wp\/v2\/product"}],"about":[{"href":"https:\/\/dokumaanahtarlik.net\/index.php?rest_route=\/wp\/v2\/types\/product"}],"replies":[{"embeddable":true,"href":"https:\/\/dokumaanahtarlik.net\/index.php?rest_route=%2Fwp%2Fv2%2Fcomments&post=65"}],"wp:featuredmedia":[{"embeddable":true,"href":"https:\/\/dokumaanahtarlik.net\/index.php?rest_route=\/wp\/v2\/media\/67"}],"wp:attachment":[{"href":"https:\/\/dokumaanahtarlik.net\/index.php?rest_route=%2Fwp%2Fv2%2Fmedia&parent=65"}],"wp:term":[{"taxonomy":"product_cat","embeddable":true,"href":"https:\/\/dokumaanahtarlik.net\/index.php?rest_route=%2Fwp%2Fv2%2Fproduct_cat&post=65"},{"taxonomy":"product_tag","embeddable":true,"href":"https:\/\/dokumaanahtarlik.net\/index.php?rest_route=%2Fwp%2Fv2%2Fproduct_tag&post=65"}],"curies":[{"name":"wp","href":"https:\/\/api.w.org\/{rel}","templated":true}]}}